{"id":4,"date":"2015-01-31T19:57:57","date_gmt":"2015-01-31T19:57:57","guid":{"rendered":"http:\/\/totaltheme.wpengine.com\/simple-spaces\/?page_id=4"},"modified":"2021-05-05T11:34:00","modified_gmt":"2021-05-05T09:34:00","slug":"about","status":"publish","type":"page","link":"http:\/\/agrarimmobilien-kluender.de\/?page_id=4","title":{"rendered":"\u00dcber mich"},"content":{"rendered":"[vc_row][vc_column width=&#8220;1\/3&#8243;][vc_single_image image=&#8220;136&#8243;][\/vc_column][vc_column width=&#8220;2\/3&#8243;]<div class=\"vcex-heading vcex-module wpex-text-2xl wpex-font-normal wpex-m-auto wpex-max-w-100 vcex-heading-plain wpex-block\" style=\"font-size:18px;\"><span class=\"vcex-heading-inner wpex-inline-block wpex-clr\"><span class=\"vcex-icon-wrap wpex-mr-15\"><span class=\"ticon ticon-child\" aria-hidden=\"true\"><\/span><\/span>\u00dcber mich<\/span><\/div><div class=\"vcex-spacing wpex-w-100 wpex-clear\" style=\"height:20px;\"><\/div>[vc_column_text]Aus der Praxis f\u00fcr die Praxis\u2026\u2026<\/p>\n<p><strong>1962<\/strong> &#8211; er Jahrgang, in den gr\u00fcnen Bereich der Landwirtschaft und den elterlichen Betrieb hineingeboren.<\/p>\n<p><strong>1985<\/strong> Abschluss zum\u00a0 Landwirtschaftsmeister.<\/p>\n<p><strong>1986<\/strong> den vorhandenen Betrieb \u00fcbernommen &amp; kurzfristige Weiterentwicklung auf \u201eDreimaleinhundert\u201c: \u00fcber 100 Stck. Milchk\u00fche, \u00fcber 100 Stck. weibl. Nachzucht, \u00fcber 100 ha Betriebsfl\u00e4che, weiteres Standbein sowie zus\u00e4tzliche Erfahrung gesammelt und investiert in Privatvermarktung und Ferieng\u00e4ste.<\/p>\n<p><strong>1999<\/strong>\u00a0Betriebsaufgabe aus gesundheitlichen Gr\u00fcnden. (Allergien &#8211; Neurodermitis)<\/p>\n<p><strong>seit 1999 \/ 2000<\/strong>\u00a0Vermittlung von landwirtschaftlichen Objekten.<\/p>\n<p><strong>seit 1999\/ 2000<\/strong>\u00a0 \u00a0selbst\u00e4ndige T\u00e4tigkeit in der Metallbaufirma &#8222;N. Kl\u00fcnder, Seck.&#8220;[\/vc_column_text]<div class=\"vcex-spacing wpex-w-100 wpex-clear\"><\/div>[\/vc_column][\/vc_row][vc_row][vc_column width=&#8220;1\/3&#8243;][vc_single_image image=&#8220;135&#8243;][\/vc_column][vc_column width=&#8220;2\/3&#8243;]<div class=\"vcex-heading vcex-module wpex-text-2xl wpex-font-normal wpex-m-auto wpex-max-w-100 vcex-heading-plain wpex-block\" style=\"font-size:18px;\"><span class=\"vcex-heading-inner wpex-inline-block wpex-clr\"><span class=\"vcex-icon-wrap wpex-mr-15\"><span class=\"ticon ticon-asterisk\" aria-hidden=\"true\"><\/span><\/span>Was ich f\u00fcr Sie tun kann<\/span><\/div><div class=\"vcex-spacing wpex-w-100 wpex-clear\" style=\"height:20px;\"><\/div>[vc_column_text]<strong>Vermittlung von Agrarvollexistenzen &amp; Bauernh\u00f6fen jeglicher Art und Gr\u00f6\u00dfe:<\/strong><\/p>\n<ul>\n<li>Gr\u00fcnlandbetriebe mit Milchvieh \/ Mutterkuhhaltung<\/li>\n<li>Gr\u00fcnland \/ Ackerbaubetriebe in allen Gr\u00f6\u00dfenordnungen<\/li>\n<li>Fl\u00e4chen ohne Geb\u00e4ude<\/li>\n<li>Sonderkulturen<\/li>\n<li>G\u00fcter<\/li>\n<li>Waldfl\u00e4chen \/Forstobjekte \/ Jagdreviere<\/li>\n<li>Freizeit &amp; Resth\u00f6fe<\/li>\n<li>Verpachtungen<\/li>\n<li>Wertermittlungen (Keine Gutachten)<\/li>\n<li>Allgemeine landwirtschaftliche Beratung, Kooperationen, Konfliktberatung.<\/li>\n<\/ul>\n<p><strong>Sie suchen etwas Spezielles?<\/strong><\/p>\n<p>Ein Schloss oder eine Burg ist auch ab und zu im Angebot bzw. schon von mir abgewickelt worden.<\/p>\n<p>Vermittlungen rund um meinen Heimatstandort Rheinland \u2013 Pfalz &amp; Saarland, Nordrhein \u2013 Westfalen, \u00a0Hessen. Aber auch bundesweit, europaweit, weltweit.<\/p>\n<p>\u00dcberregionale Zusammenarbeit mit mir seit Jahren pers\u00f6nlich bekannten, renommierten Gesch\u00e4ftspartnern.<\/p>\n<p>Die Vermittlung beinhaltet die pers\u00f6nliche Beratung und Besichtigung des Objektes einschlie\u00dflich der Durchf\u00fchrung \/ Beantragung &amp; Hilfestellung bei der\u00a0 Finanzierung,\u00a0 Beh\u00f6rdeng\u00e4ngen, Betriebsentwicklungspl\u00e4nen, bis zur Anmeldung bei Schulen und Kitas.<\/p>\n<p>Besonders Landwirte aus den Niederlanden wurden schon sehr oft bei Ihrer \u00dcbersiedlung von der ersten Besichtigung bis zur Hof\u00fcbernahme und dar\u00fcber hinaus begleitet.<\/p>\n<p>Kontaktieren Sie mich bitte, \u00fcber Mail \/ Fax oder rufen Sie mich ganz einfach pers\u00f6nlich an &#8211; von Mensch zu Mensch &#8211; ich melde mich baldm\u00f6glichst bei Ihnen.[\/vc_column_text]<div class=\"vcex-spacing wpex-w-100 wpex-clear\"><\/div>[\/vc_column][\/vc_row]\n","protected":false},"excerpt":{"rendered":"<p>[vc_row][vc_column width=&#8220;1\/3&#8243;][vc_single_image image=&#8220;136&#8243;][\/vc_column][vc_column width=&#8220;2\/3&#8243;][vc_column_text]Aus der Praxis f\u00fcr die Praxis\u2026\u2026 1962 &#8211; er Jahrgang, in den gr\u00fcnen Bereich der Landwirtschaft und den elterlichen Betrieb hineingeboren. 1985 Abschluss zum\u00a0 Landwirtschaftsmeister. 1986 den vorhandenen Betrieb \u00fcbernommen &amp; kurzfristige Weiterentwicklung auf \u201eDreimaleinhundert\u201c: \u00fcber 100 Stck. Milchk\u00fche, \u00fcber 100 Stck. weibl. Nachzucht, \u00fcber 100 ha Betriebsfl\u00e4che, weiteres Standbein sowie zus\u00e4tzliche&hellip;<\/p>\n","protected":false},"author":1,"featured_media":0,"parent":0,"menu_order":0,"comment_status":"closed","ping_status":"closed","template":"","meta":{"_mi_skip_tracking":false,"footnotes":""},"yoast_head":"<!-- This site is optimized with the Yoast SEO plugin v19.5.1 - https:\/\/yoast.com\/wordpress\/plugins\/seo\/ -->\n<title>\u00dcber mich | Agrarimmobilien-Kluender<\/title>\n<meta name=\"robots\" content=\"index, follow, max-snippet:-1, max-image-preview:large, max-video-preview:-1\" \/>\n<link rel=\"canonical\" href=\"https:\/\/agrarimmobilien-kluender.de\/?page_id=4\" \/>\n<meta property=\"og:locale\" content=\"de_DE\" \/>\n<meta property=\"og:type\" content=\"article\" \/>\n<meta property=\"og:title\" content=\"\u00dcber mich | Agrarimmobilien-Kluender\" \/>\n<meta property=\"og:description\" content=\"[vc_row][vc_column width=&#8220;1\/3&#8243;][vc_single_image image=&#8220;136&#8243;][\/vc_column][vc_column width=&#8220;2\/3&#8243;][vc_column_text]Aus der Praxis f\u00fcr die Praxis\u2026\u2026 1962 &#8211; er Jahrgang, in den gr\u00fcnen Bereich der Landwirtschaft und den elterlichen Betrieb hineingeboren. 1985 Abschluss zum\u00a0 Landwirtschaftsmeister. 1986 den vorhandenen Betrieb \u00fcbernommen &amp; kurzfristige Weiterentwicklung auf \u201eDreimaleinhundert\u201c: \u00fcber 100 Stck. Milchk\u00fche, \u00fcber 100 Stck. weibl. Nachzucht, \u00fcber 100 ha Betriebsfl\u00e4che, weiteres Standbein sowie zus\u00e4tzliche&hellip;\" \/>\n<meta property=\"og:url\" content=\"https:\/\/agrarimmobilien-kluender.de\/?page_id=4\" \/>\n<meta property=\"og:site_name\" content=\"Agrarimmobilien-Kluender\" \/>\n<meta property=\"article:modified_time\" content=\"2021-05-05T09:34:00+00:00\" \/>\n<meta name=\"twitter:card\" content=\"summary_large_image\" \/>\n<meta name=\"twitter:label1\" content=\"Gesch\u00e4tzte Lesezeit\" \/>\n\t<meta name=\"twitter:data1\" content=\"2 Minuten\" \/>\n<script type=\"application\/ld+json\" class=\"yoast-schema-graph\">{\"@context\":\"https:\/\/schema.org\",\"@graph\":[{\"@type\":\"WebPage\",\"@id\":\"https:\/\/agrarimmobilien-kluender.de\/?page_id=4\",\"url\":\"https:\/\/agrarimmobilien-kluender.de\/?page_id=4\",\"name\":\"\u00dcber mich | Agrarimmobilien-Kluender\",\"isPartOf\":{\"@id\":\"https:\/\/agrarimmobilien-kluender.de\/#website\"},\"datePublished\":\"2015-01-31T19:57:57+00:00\",\"dateModified\":\"2021-05-05T09:34:00+00:00\",\"breadcrumb\":{\"@id\":\"https:\/\/agrarimmobilien-kluender.de\/?page_id=4#breadcrumb\"},\"inLanguage\":\"de-DE\",\"potentialAction\":[{\"@type\":\"ReadAction\",\"target\":[\"https:\/\/agrarimmobilien-kluender.de\/?page_id=4\"]}]},{\"@type\":\"BreadcrumbList\",\"@id\":\"https:\/\/agrarimmobilien-kluender.de\/?page_id=4#breadcrumb\",\"itemListElement\":[{\"@type\":\"ListItem\",\"position\":1,\"name\":\"Startseite\",\"item\":\"https:\/\/agrarimmobilien-kluender.de\/\"},{\"@type\":\"ListItem\",\"position\":2,\"name\":\"\u00dcber mich\"}]},{\"@type\":\"WebSite\",\"@id\":\"https:\/\/agrarimmobilien-kluender.de\/#website\",\"url\":\"https:\/\/agrarimmobilien-kluender.de\/\",\"name\":\"Agrarimmobilien-Kluender\",\"description\":\"Vermittlung von Agrarvollexistenzen &amp; Bauernh\u00f6fen jeglicher Art und Gr\u00f6\u00dfe\",\"potentialAction\":[{\"@type\":\"SearchAction\",\"target\":{\"@type\":\"EntryPoint\",\"urlTemplate\":\"https:\/\/agrarimmobilien-kluender.de\/?s={search_term_string}\"},\"query-input\":\"required name=search_term_string\"}],\"inLanguage\":\"de-DE\"}]}<\/script>\n<!-- \/ Yoast SEO plugin. -->","yoast_head_json":{"title":"\u00dcber mich | Agrarimmobilien-Kluender","robots":{"index":"index","follow":"follow","max-snippet":"max-snippet:-1","max-image-preview":"max-image-preview:large","max-video-preview":"max-video-preview:-1"},"canonical":"https:\/\/agrarimmobilien-kluender.de\/?page_id=4","og_locale":"de_DE","og_type":"article","og_title":"\u00dcber mich | Agrarimmobilien-Kluender","og_description":"[vc_row][vc_column width=&#8220;1\/3&#8243;][vc_single_image image=&#8220;136&#8243;][\/vc_column][vc_column width=&#8220;2\/3&#8243;][vc_column_text]Aus der Praxis f\u00fcr die Praxis\u2026\u2026 1962 &#8211; er Jahrgang, in den gr\u00fcnen Bereich der Landwirtschaft und den elterlichen Betrieb hineingeboren. 1985 Abschluss zum\u00a0 Landwirtschaftsmeister. 1986 den vorhandenen Betrieb \u00fcbernommen &amp; kurzfristige Weiterentwicklung auf \u201eDreimaleinhundert\u201c: \u00fcber 100 Stck. Milchk\u00fche, \u00fcber 100 Stck. weibl. Nachzucht, \u00fcber 100 ha Betriebsfl\u00e4che, weiteres Standbein sowie zus\u00e4tzliche&hellip;","og_url":"https:\/\/agrarimmobilien-kluender.de\/?page_id=4","og_site_name":"Agrarimmobilien-Kluender","article_modified_time":"2021-05-05T09:34:00+00:00","twitter_card":"summary_large_image","twitter_misc":{"Gesch\u00e4tzte Lesezeit":"2 Minuten"},"schema":{"@context":"https:\/\/schema.org","@graph":[{"@type":"WebPage","@id":"https:\/\/agrarimmobilien-kluender.de\/?page_id=4","url":"https:\/\/agrarimmobilien-kluender.de\/?page_id=4","name":"\u00dcber mich | Agrarimmobilien-Kluender","isPartOf":{"@id":"https:\/\/agrarimmobilien-kluender.de\/#website"},"datePublished":"2015-01-31T19:57:57+00:00","dateModified":"2021-05-05T09:34:00+00:00","breadcrumb":{"@id":"https:\/\/agrarimmobilien-kluender.de\/?page_id=4#breadcrumb"},"inLanguage":"de-DE","potentialAction":[{"@type":"ReadAction","target":["https:\/\/agrarimmobilien-kluender.de\/?page_id=4"]}]},{"@type":"BreadcrumbList","@id":"https:\/\/agrarimmobilien-kluender.de\/?page_id=4#breadcrumb","itemListElement":[{"@type":"ListItem","position":1,"name":"Startseite","item":"https:\/\/agrarimmobilien-kluender.de\/"},{"@type":"ListItem","position":2,"name":"\u00dcber mich"}]},{"@type":"WebSite","@id":"https:\/\/agrarimmobilien-kluender.de\/#website","url":"https:\/\/agrarimmobilien-kluender.de\/","name":"Agrarimmobilien-Kluender","description":"Vermittlung von Agrarvollexistenzen &amp; Bauernh\u00f6fen jeglicher Art und Gr\u00f6\u00dfe","potentialAction":[{"@type":"SearchAction","target":{"@type":"EntryPoint","urlTemplate":"https:\/\/agrarimmobilien-kluender.de\/?s={search_term_string}"},"query-input":"required name=search_term_string"}],"inLanguage":"de-DE"}]}},"_links":{"self":[{"href":"http:\/\/agrarimmobilien-kluender.de\/index.php?rest_route=\/wp\/v2\/pages\/4"}],"collection":[{"href":"http:\/\/agrarimmobilien-kluender.de\/index.php?rest_route=\/wp\/v2\/pages"}],"about":[{"href":"http:\/\/agrarimmobilien-kluender.de\/index.php?rest_route=\/wp\/v2\/types\/page"}],"author":[{"embeddable":true,"href":"http:\/\/agrarimmobilien-kluender.de\/index.php?rest_route=\/wp\/v2\/users\/1"}],"replies":[{"embeddable":true,"href":"http:\/\/agrarimmobilien-kluender.de\/index.php?rest_route=%2Fwp%2Fv2%2Fcomments&post=4"}],"version-history":[{"count":12,"href":"http:\/\/agrarimmobilien-kluender.de\/index.php?rest_route=\/wp\/v2\/pages\/4\/revisions"}],"predecessor-version":[{"id":485,"href":"http:\/\/agrarimmobilien-kluender.de\/index.php?rest_route=\/wp\/v2\/pages\/4\/revisions\/485"}],"wp:attachment":[{"href":"http:\/\/agrarimmobilien-kluender.de\/index.php?rest_route=%2Fwp%2Fv2%2Fmedia&parent=4"}],"curies":[{"name":"wp","href":"https:\/\/api.w.org\/{rel}","templated":true}]}}