{"id":8,"date":"2015-01-31T19:59:00","date_gmt":"2015-01-31T19:59:00","guid":{"rendered":"http:\/\/totaltheme.wpengine.com\/simple-spaces\/?page_id=8"},"modified":"2018-10-13T15:48:47","modified_gmt":"2018-10-13T13:48:47","slug":"contact","status":"publish","type":"page","link":"http:\/\/agrarimmobilien-kluender.de\/?page_id=8","title":{"rendered":"Kontakt"},"content":{"rendered":"[vc_row][vc_column width=&#8220;1\/2&#8243;]<div class=\"vcex-heading vcex-module wpex-text-2xl wpex-font-normal wpex-m-auto wpex-max-w-100 vcex-heading-plain wpex-block\" style=\"font-size:18px;\"><span class=\"vcex-heading-inner wpex-inline-block wpex-clr\">Meine Adresse<\/span><\/div><div class=\"vcex-spacing wpex-w-100 wpex-clear\" style=\"height:20px;\"><\/div>[vc_column_text]Ingo Kl\u00fcnder<br \/>\nKlosterh\u00f6he 7<br \/>\nD-56479 Seck\/Ww.<\/p>\n<p>Mobil: 0175-2724545<br \/>\nFax: 02664-6674<\/p>\n<p><a href=\"mailto:kontakt@agrarimmobilien-kluender.de\">kontakt@agrarimmobilien-kluender.de<\/a>[\/vc_column_text][\/vc_column][\/vc_row][vc_row][vc_column][vc_gmaps link=&#8220;#E-8_JTNDaWZyYW1lJTIwc3JjJTNEJTIyaHR0cHMlM0ElMkYlMkZ3d3cuZ29vZ2xlLmNvbSUyRm1hcHMlMkZlbWJlZCUzRnBiJTNEJTIxMW0xOCUyMTFtMTIlMjExbTMlMjExZDI1MzMuNTEyMDc0OTE5Nzk4NiUyMTJkOC4wNDIzMDI5MTU0NzY2MDglMjEzZDUwLjU4MDQzNDg3OTQ5MzQ3JTIxMm0zJTIxMWYwJTIxMmYwJTIxM2YwJTIxM20yJTIxMWkxMDI0JTIxMmk3NjglMjE0ZjEzLjElMjEzbTMlMjExbTIlMjExczB4NDdiYzI1NDM3YjExY2IwZCUyNTNBMHgxNjNhY2I3MjQ1YmRlOWQ1JTIxMnNLbG9zdGVyaCUyNUMzJTI1QjZoZSUyQjclMjUyQyUyQjU2NDc5JTJCU2VjayUyMTVlMCUyMTNtMiUyMTFzZGUlMjEyc2RlJTIxNHYxNTM2NTgzNzg3NzI5JTIyJTIwd2lkdGglM0QlMjI2MDAlMjIlMjBoZWlnaHQlM0QlMjI0NTAlMjIlMjBmcmFtZWJvcmRlciUzRCUyMjAlMjIlMjBzdHlsZSUzRCUyMmJvcmRlciUzQTAlMjIlMjBhbGxvd2Z1bGxzY3JlZW4lM0UlM0MlMkZpZnJhbWUlM0U=&#8220; title=&#8220;Agrarimmobilien Ingo Kl\u00fcnder&#8220;][\/vc_column][\/vc_row]\n","protected":false},"excerpt":{"rendered":"<p>[vc_row][vc_column width=&#8220;1\/2&#8243;][vc_column_text]Ingo Kl\u00fcnder Klosterh\u00f6he 7 D-56479 Seck\/Ww. Mobil: 0175-2724545 Fax: 02664-6674 kontakt@agrarimmobilien-kluender.de[\/vc_column_text][\/vc_column][\/vc_row][vc_row][vc_column][vc_gmaps link=&#8220;#E-8_JTNDaWZyYW1lJTIwc3JjJTNEJTIyaHR0cHMlM0ElMkYlMkZ3d3cuZ29vZ2xlLmNvbSUyRm1hcHMlMkZlbWJlZCUzRnBiJTNEJTIxMW0xOCUyMTFtMTIlMjExbTMlMjExZDI1MzMuNTEyMDc0OTE5Nzk4NiUyMTJkOC4wNDIzMDI5MTU0NzY2MDglMjEzZDUwLjU4MDQzNDg3OTQ5MzQ3JTIxMm0zJTIxMWYwJTIxMmYwJTIxM2YwJTIxM20yJTIxMWkxMDI0JTIxMmk3NjglMjE0ZjEzLjElMjEzbTMlMjExbTIlMjExczB4NDdiYzI1NDM3YjExY2IwZCUyNTNBMHgxNjNhY2I3MjQ1YmRlOWQ1JTIxMnNLbG9zdGVyaCUyNUMzJTI1QjZoZSUyQjclMjUyQyUyQjU2NDc5JTJCU2VjayUyMTVlMCUyMTNtMiUyMTFzZGUlMjEyc2RlJTIxNHYxNTM2NTgzNzg3NzI5JTIyJTIwd2lkdGglM0QlMjI2MDAlMjIlMjBoZWlnaHQlM0QlMjI0NTAlMjIlMjBmcmFtZWJvcmRlciUzRCUyMjAlMjIlMjBzdHlsZSUzRCUyMmJvcmRlciUzQTAlMjIlMjBhbGxvd2Z1bGxzY3JlZW4lM0UlM0MlMkZpZnJhbWUlM0U=&#8220; title=&#8220;Agrarimmobilien Ingo Kl\u00fcnder&#8220;][\/vc_column][\/vc_row]<\/p>\n","protected":false},"author":1,"featured_media":0,"parent":0,"menu_order":0,"comment_status":"closed","ping_status":"closed","template":"","meta":{"_mi_skip_tracking":false,"footnotes":""},"yoast_head":"<!-- This site is optimized with the Yoast SEO plugin v19.5.1 - https:\/\/yoast.com\/wordpress\/plugins\/seo\/ -->\n<title>Kontakt | Agrarimmobilien-Kluender<\/title>\n<meta name=\"robots\" content=\"index, follow, max-snippet:-1, max-image-preview:large, max-video-preview:-1\" \/>\n<link rel=\"canonical\" href=\"http:\/\/agrarimmobilien-kluender.de\/?page_id=8\" \/>\n<meta property=\"og:locale\" content=\"de_DE\" \/>\n<meta property=\"og:type\" content=\"article\" \/>\n<meta property=\"og:title\" content=\"Kontakt | Agrarimmobilien-Kluender\" \/>\n<meta property=\"og:description\" content=\"[vc_row][vc_column width=&#8220;1\/2&#8243;][vc_column_text]Ingo Kl\u00fcnder Klosterh\u00f6he 7 D-56479 Seck\/Ww. Mobil: 0175-2724545 Fax: 02664-6674 kontakt@agrarimmobilien-kluender.de[\/vc_column_text][\/vc_column][\/vc_row][vc_row][vc_column][vc_gmaps link=&#8220;#E-8_JTNDaWZyYW1lJTIwc3JjJTNEJTIyaHR0cHMlM0ElMkYlMkZ3d3cuZ29vZ2xlLmNvbSUyRm1hcHMlMkZlbWJlZCUzRnBiJTNEJTIxMW0xOCUyMTFtMTIlMjExbTMlMjExZDI1MzMuNTEyMDc0OTE5Nzk4NiUyMTJkOC4wNDIzMDI5MTU0NzY2MDglMjEzZDUwLjU4MDQzNDg3OTQ5MzQ3JTIxMm0zJTIxMWYwJTIxMmYwJTIxM2YwJTIxM20yJTIxMWkxMDI0JTIxMmk3NjglMjE0ZjEzLjElMjEzbTMlMjExbTIlMjExczB4NDdiYzI1NDM3YjExY2IwZCUyNTNBMHgxNjNhY2I3MjQ1YmRlOWQ1JTIxMnNLbG9zdGVyaCUyNUMzJTI1QjZoZSUyQjclMjUyQyUyQjU2NDc5JTJCU2VjayUyMTVlMCUyMTNtMiUyMTFzZGUlMjEyc2RlJTIxNHYxNTM2NTgzNzg3NzI5JTIyJTIwd2lkdGglM0QlMjI2MDAlMjIlMjBoZWlnaHQlM0QlMjI0NTAlMjIlMjBmcmFtZWJvcmRlciUzRCUyMjAlMjIlMjBzdHlsZSUzRCUyMmJvcmRlciUzQTAlMjIlMjBhbGxvd2Z1bGxzY3JlZW4lM0UlM0MlMkZpZnJhbWUlM0U=&#8220; title=&#8220;Agrarimmobilien Ingo Kl\u00fcnder&#8220;][\/vc_column][\/vc_row]\" \/>\n<meta property=\"og:url\" content=\"http:\/\/agrarimmobilien-kluender.de\/?page_id=8\" \/>\n<meta property=\"og:site_name\" content=\"Agrarimmobilien-Kluender\" \/>\n<meta property=\"article:modified_time\" content=\"2018-10-13T13:48:47+00:00\" \/>\n<meta name=\"twitter:card\" content=\"summary_large_image\" \/>\n<meta name=\"twitter:label1\" content=\"Gesch\u00e4tzte Lesezeit\" \/>\n\t<meta name=\"twitter:data1\" content=\"1 Minute\" \/>\n<script type=\"application\/ld+json\" class=\"yoast-schema-graph\">{\"@context\":\"https:\/\/schema.org\",\"@graph\":[{\"@type\":\"WebPage\",\"@id\":\"http:\/\/agrarimmobilien-kluender.de\/?page_id=8\",\"url\":\"http:\/\/agrarimmobilien-kluender.de\/?page_id=8\",\"name\":\"Kontakt | Agrarimmobilien-Kluender\",\"isPartOf\":{\"@id\":\"https:\/\/agrarimmobilien-kluender.de\/#website\"},\"datePublished\":\"2015-01-31T19:59:00+00:00\",\"dateModified\":\"2018-10-13T13:48:47+00:00\",\"breadcrumb\":{\"@id\":\"http:\/\/agrarimmobilien-kluender.de\/?page_id=8#breadcrumb\"},\"inLanguage\":\"de-DE\",\"potentialAction\":[{\"@type\":\"ReadAction\",\"target\":[\"http:\/\/agrarimmobilien-kluender.de\/?page_id=8\"]}]},{\"@type\":\"BreadcrumbList\",\"@id\":\"http:\/\/agrarimmobilien-kluender.de\/?page_id=8#breadcrumb\",\"itemListElement\":[{\"@type\":\"ListItem\",\"position\":1,\"name\":\"Startseite\",\"item\":\"https:\/\/agrarimmobilien-kluender.de\/\"},{\"@type\":\"ListItem\",\"position\":2,\"name\":\"Kontakt\"}]},{\"@type\":\"WebSite\",\"@id\":\"https:\/\/agrarimmobilien-kluender.de\/#website\",\"url\":\"https:\/\/agrarimmobilien-kluender.de\/\",\"name\":\"Agrarimmobilien-Kluender\",\"description\":\"Vermittlung von Agrarvollexistenzen &amp; Bauernh\u00f6fen jeglicher Art und Gr\u00f6\u00dfe\",\"potentialAction\":[{\"@type\":\"SearchAction\",\"target\":{\"@type\":\"EntryPoint\",\"urlTemplate\":\"https:\/\/agrarimmobilien-kluender.de\/?s={search_term_string}\"},\"query-input\":\"required name=search_term_string\"}],\"inLanguage\":\"de-DE\"}]}<\/script>\n<!-- \/ Yoast SEO plugin. -->","yoast_head_json":{"title":"Kontakt | Agrarimmobilien-Kluender","robots":{"index":"index","follow":"follow","max-snippet":"max-snippet:-1","max-image-preview":"max-image-preview:large","max-video-preview":"max-video-preview:-1"},"canonical":"http:\/\/agrarimmobilien-kluender.de\/?page_id=8","og_locale":"de_DE","og_type":"article","og_title":"Kontakt | Agrarimmobilien-Kluender","og_description":"[vc_row][vc_column width=&#8220;1\/2&#8243;][vc_column_text]Ingo Kl\u00fcnder Klosterh\u00f6he 7 D-56479 Seck\/Ww. Mobil: 0175-2724545 Fax: 02664-6674 kontakt@agrarimmobilien-kluender.de[\/vc_column_text][\/vc_column][\/vc_row][vc_row][vc_column][vc_gmaps link=&#8220;#E-8_JTNDaWZyYW1lJTIwc3JjJTNEJTIyaHR0cHMlM0ElMkYlMkZ3d3cuZ29vZ2xlLmNvbSUyRm1hcHMlMkZlbWJlZCUzRnBiJTNEJTIxMW0xOCUyMTFtMTIlMjExbTMlMjExZDI1MzMuNTEyMDc0OTE5Nzk4NiUyMTJkOC4wNDIzMDI5MTU0NzY2MDglMjEzZDUwLjU4MDQzNDg3OTQ5MzQ3JTIxMm0zJTIxMWYwJTIxMmYwJTIxM2YwJTIxM20yJTIxMWkxMDI0JTIxMmk3NjglMjE0ZjEzLjElMjEzbTMlMjExbTIlMjExczB4NDdiYzI1NDM3YjExY2IwZCUyNTNBMHgxNjNhY2I3MjQ1YmRlOWQ1JTIxMnNLbG9zdGVyaCUyNUMzJTI1QjZoZSUyQjclMjUyQyUyQjU2NDc5JTJCU2VjayUyMTVlMCUyMTNtMiUyMTFzZGUlMjEyc2RlJTIxNHYxNTM2NTgzNzg3NzI5JTIyJTIwd2lkdGglM0QlMjI2MDAlMjIlMjBoZWlnaHQlM0QlMjI0NTAlMjIlMjBmcmFtZWJvcmRlciUzRCUyMjAlMjIlMjBzdHlsZSUzRCUyMmJvcmRlciUzQTAlMjIlMjBhbGxvd2Z1bGxzY3JlZW4lM0UlM0MlMkZpZnJhbWUlM0U=&#8220; title=&#8220;Agrarimmobilien Ingo Kl\u00fcnder&#8220;][\/vc_column][\/vc_row]","og_url":"http:\/\/agrarimmobilien-kluender.de\/?page_id=8","og_site_name":"Agrarimmobilien-Kluender","article_modified_time":"2018-10-13T13:48:47+00:00","twitter_card":"summary_large_image","twitter_misc":{"Gesch\u00e4tzte Lesezeit":"1 Minute"},"schema":{"@context":"https:\/\/schema.org","@graph":[{"@type":"WebPage","@id":"http:\/\/agrarimmobilien-kluender.de\/?page_id=8","url":"http:\/\/agrarimmobilien-kluender.de\/?page_id=8","name":"Kontakt | Agrarimmobilien-Kluender","isPartOf":{"@id":"https:\/\/agrarimmobilien-kluender.de\/#website"},"datePublished":"2015-01-31T19:59:00+00:00","dateModified":"2018-10-13T13:48:47+00:00","breadcrumb":{"@id":"http:\/\/agrarimmobilien-kluender.de\/?page_id=8#breadcrumb"},"inLanguage":"de-DE","potentialAction":[{"@type":"ReadAction","target":["http:\/\/agrarimmobilien-kluender.de\/?page_id=8"]}]},{"@type":"BreadcrumbList","@id":"http:\/\/agrarimmobilien-kluender.de\/?page_id=8#breadcrumb","itemListElement":[{"@type":"ListItem","position":1,"name":"Startseite","item":"https:\/\/agrarimmobilien-kluender.de\/"},{"@type":"ListItem","position":2,"name":"Kontakt"}]},{"@type":"WebSite","@id":"https:\/\/agrarimmobilien-kluender.de\/#website","url":"https:\/\/agrarimmobilien-kluender.de\/","name":"Agrarimmobilien-Kluender","description":"Vermittlung von Agrarvollexistenzen &amp; Bauernh\u00f6fen jeglicher Art und Gr\u00f6\u00dfe","potentialAction":[{"@type":"SearchAction","target":{"@type":"EntryPoint","urlTemplate":"https:\/\/agrarimmobilien-kluender.de\/?s={search_term_string}"},"query-input":"required name=search_term_string"}],"inLanguage":"de-DE"}]}},"_links":{"self":[{"href":"http:\/\/agrarimmobilien-kluender.de\/index.php?rest_route=\/wp\/v2\/pages\/8"}],"collection":[{"href":"http:\/\/agrarimmobilien-kluender.de\/index.php?rest_route=\/wp\/v2\/pages"}],"about":[{"href":"http:\/\/agrarimmobilien-kluender.de\/index.php?rest_route=\/wp\/v2\/types\/page"}],"author":[{"embeddable":true,"href":"http:\/\/agrarimmobilien-kluender.de\/index.php?rest_route=\/wp\/v2\/users\/1"}],"replies":[{"embeddable":true,"href":"http:\/\/agrarimmobilien-kluender.de\/index.php?rest_route=%2Fwp%2Fv2%2Fcomments&post=8"}],"version-history":[{"count":9,"href":"http:\/\/agrarimmobilien-kluender.de\/index.php?rest_route=\/wp\/v2\/pages\/8\/revisions"}],"predecessor-version":[{"id":267,"href":"http:\/\/agrarimmobilien-kluender.de\/index.php?rest_route=\/wp\/v2\/pages\/8\/revisions\/267"}],"wp:attachment":[{"href":"http:\/\/agrarimmobilien-kluender.de\/index.php?rest_route=%2Fwp%2Fv2%2Fmedia&parent=8"}],"curies":[{"name":"wp","href":"https:\/\/api.w.org\/{rel}","templated":true}]}}