{"id":108,"date":"2015-01-31T19:55:21","date_gmt":"2015-01-31T19:55:21","guid":{"rendered":"http:\/\/totaltheme.wpengine.com\/simple-spaces\/?page_id=2"},"modified":"2018-10-14T09:28:02","modified_gmt":"2018-10-14T07:28:02","slug":"home","status":"publish","type":"page","link":"https:\/\/agrarimmobilien-kluender.de\/","title":{"rendered":"Home"},"content":{"rendered":"[vc_row][vc_column][vc_column_text]\n<h3 style=\"text-align: center;\"><strong>Hallo und herzlich Willkommen auf der Webseite Agarimmobilien-Kluender.de<\/strong><strong>\u00a0<\/strong><\/h3>\n<p style=\"text-align: center;\">Vermittlung von Agrarvollexistenzen &amp; Bauernh\u00f6fen jeglicher Art und Gr\u00f6\u00dfe<\/p>\n<p style=\"text-align: center;\"><strong>Sie suchen etwas Spezielles? Oder Sie ben\u00f6tigen Hilfe beim Verkauf Ihrer Immobilie?<\/strong><\/p>\n<p>\u00a0[\/vc_column_text]<div class=\"wpex-slider-preloaderimg wpex-relative\"><img data-no-lazy=\"1\" class=\"skip-lazy\" src=\"https:\/\/agrarimmobilien-kluender.de\/wp-3e630-content\/uploads\/2018\/09\/IMG_0071-980x550.jpg\" alt=\"\" width=\"980\" height=\"550\"><\/div><div class=\"vcex-module wpex-slider slider-pro vcex-image-slider wpex-clr\" data-loop=\"true\" data-auto-play-delay=\"7000\" data-animation-speed=\"600\" data-height-animation-duration=\"0.0\" data-thumbnail-height=\"70\" data-thumbnail-width=\"70\"><div class=\"wpex-slider-slides sp-slides\"><div class=\"wpex-slider-slide sp-slide\"><div class=\"wpex-slider-media\"><img data-no-lazy=\"1\" class=\"skip-lazy\" src=\"https:\/\/agrarimmobilien-kluender.de\/wp-3e630-content\/uploads\/2018\/09\/IMG_0071-980x550.jpg\" alt=\"\" width=\"980\" height=\"550\"><\/div><\/div><div class=\"wpex-slider-slide sp-slide\"><div class=\"wpex-slider-media\"><img data-no-lazy=\"1\" class=\"skip-lazy\" src=\"https:\/\/agrarimmobilien-kluender.de\/wp-3e630-content\/uploads\/2018\/09\/IMG_0088-980x550.jpg\" alt=\"\" srcset=\"https:\/\/agrarimmobilien-kluender.de\/wp-3e630-content\/uploads\/2018\/09\/IMG_0088-980x550.jpg 980w, https:\/\/agrarimmobilien-kluender.de\/wp-3e630-content\/uploads\/2018\/09\/IMG_0088-980x550@2x.jpg 1960w, https:\/\/agrarimmobilien-kluender.de\/wp-3e630-content\/uploads\/2018\/09\/IMG_0088-980x550@2x.jpg 2x\" width=\"980\" height=\"550\"><\/div><\/div><div class=\"wpex-slider-slide sp-slide\"><div class=\"wpex-slider-media\"><img data-no-lazy=\"1\" class=\"skip-lazy\" src=\"https:\/\/agrarimmobilien-kluender.de\/wp-3e630-content\/uploads\/2018\/09\/IMG_0066-980x550.jpg\" alt=\"\" width=\"980\" height=\"550\"><\/div><\/div><div class=\"wpex-slider-slide sp-slide\"><div class=\"wpex-slider-media\"><img data-no-lazy=\"1\" class=\"skip-lazy\" src=\"https:\/\/agrarimmobilien-kluender.de\/wp-3e630-content\/uploads\/2018\/09\/IMG_0061-2-980x550.jpg\" alt=\"\" width=\"980\" height=\"550\"><\/div><\/div><div class=\"wpex-slider-slide sp-slide\"><div class=\"wpex-slider-media\"><img data-no-lazy=\"1\" class=\"skip-lazy\" src=\"https:\/\/agrarimmobilien-kluender.de\/wp-3e630-content\/uploads\/2018\/09\/IMG_0059-980x550.jpg\" alt=\"\" width=\"980\" height=\"550\"><\/div><\/div><div class=\"wpex-slider-slide sp-slide\"><div class=\"wpex-slider-media\"><img data-no-lazy=\"1\" class=\"skip-lazy\" src=\"https:\/\/agrarimmobilien-kluender.de\/wp-3e630-content\/uploads\/2018\/09\/IMG_0057-980x550.jpg\" alt=\"\" width=\"980\" height=\"550\"><\/div><\/div><div class=\"wpex-slider-slide sp-slide\"><div class=\"wpex-slider-media\"><img data-no-lazy=\"1\" class=\"skip-lazy\" src=\"https:\/\/agrarimmobilien-kluender.de\/wp-3e630-content\/uploads\/2018\/09\/IMG_0038-980x550.jpg\" alt=\"\" srcset=\"https:\/\/agrarimmobilien-kluender.de\/wp-3e630-content\/uploads\/2018\/09\/IMG_0038-980x550.jpg 980w, https:\/\/agrarimmobilien-kluender.de\/wp-3e630-content\/uploads\/2018\/09\/IMG_0038-980x550@2x.jpg 1960w, https:\/\/agrarimmobilien-kluender.de\/wp-3e630-content\/uploads\/2018\/09\/IMG_0038-980x550@2x.jpg 2x\" width=\"980\" height=\"550\"><\/div><\/div><div class=\"wpex-slider-slide sp-slide\"><div class=\"wpex-slider-media\"><img data-no-lazy=\"1\" class=\"skip-lazy\" src=\"https:\/\/agrarimmobilien-kluender.de\/wp-3e630-content\/uploads\/2018\/09\/IMG_0052-980x550.jpg\" alt=\"\" srcset=\"https:\/\/agrarimmobilien-kluender.de\/wp-3e630-content\/uploads\/2018\/09\/IMG_0052-980x550.jpg 980w, https:\/\/agrarimmobilien-kluender.de\/wp-3e630-content\/uploads\/2018\/09\/IMG_0052-980x550@2x.jpg 1960w, https:\/\/agrarimmobilien-kluender.de\/wp-3e630-content\/uploads\/2018\/09\/IMG_0052-980x550@2x.jpg 2x\" width=\"980\" height=\"550\"><\/div><\/div><div class=\"wpex-slider-slide sp-slide\"><div class=\"wpex-slider-media\"><img data-no-lazy=\"1\" class=\"skip-lazy\" src=\"https:\/\/agrarimmobilien-kluender.de\/wp-3e630-content\/uploads\/2018\/09\/IMG_0035-2-980x550.jpg\" alt=\"\" width=\"980\" height=\"550\"><\/div><\/div><div class=\"wpex-slider-slide sp-slide\"><div class=\"wpex-slider-media\"><img data-no-lazy=\"1\" class=\"skip-lazy\" src=\"https:\/\/agrarimmobilien-kluender.de\/wp-3e630-content\/uploads\/2018\/09\/IMG_0034-2-980x550.jpg\" alt=\"\" width=\"980\" height=\"550\"><\/div><\/div><div class=\"wpex-slider-slide sp-slide\"><div class=\"wpex-slider-media\"><img data-no-lazy=\"1\" class=\"skip-lazy\" src=\"https:\/\/agrarimmobilien-kluender.de\/wp-3e630-content\/uploads\/2018\/09\/IMG_0042-980x550.jpg\" alt=\"\" width=\"980\" height=\"550\"><\/div><\/div><div class=\"wpex-slider-slide sp-slide\"><div class=\"wpex-slider-media\"><img data-no-lazy=\"1\" class=\"skip-lazy\" src=\"https:\/\/agrarimmobilien-kluender.de\/wp-3e630-content\/uploads\/2018\/09\/IMG_0024-2-980x550.jpg\" alt=\"\" width=\"980\" height=\"550\"><\/div><\/div><div class=\"wpex-slider-slide sp-slide\"><div class=\"wpex-slider-media\"><img data-no-lazy=\"1\" class=\"skip-lazy\" src=\"https:\/\/agrarimmobilien-kluender.de\/wp-3e630-content\/uploads\/2018\/09\/IMG_0031-980x550.jpg\" alt=\"\" width=\"980\" height=\"550\"><\/div><\/div><div class=\"wpex-slider-slide sp-slide\"><div class=\"wpex-slider-media\"><img data-no-lazy=\"1\" class=\"skip-lazy\" src=\"https:\/\/agrarimmobilien-kluender.de\/wp-3e630-content\/uploads\/2018\/09\/IMG_0001-2-980x550.jpg\" alt=\"\" width=\"980\" height=\"550\"><\/div><\/div><div class=\"wpex-slider-slide sp-slide\"><div class=\"wpex-slider-media\"><img data-no-lazy=\"1\" class=\"skip-lazy\" src=\"https:\/\/agrarimmobilien-kluender.de\/wp-3e630-content\/uploads\/2018\/09\/IMG_0003-980x550.jpg\" alt=\"\" width=\"980\" height=\"550\"><\/div><\/div><\/div><\/div><div class=\"vcex-spacing wpex-w-100 wpex-clear\"><\/div>[vc_column_text]\n<p style=\"text-align: center;\">Vermittlungen rund um meinen Heimatstandort Rheinland \u2013 Pfalz &amp; Saarland, Nordrhein \u2013 Westfalen, \u00a0Hessen. Aber auch bundesweit, europaweit oder weltweit. Daf\u00fcr arbeite ich seit Jahren mit mir pers\u00f6nlich bekannten, renommierten Gesch\u00e4ftspartnern zusammen.<\/p>\n<p style=\"text-align: center;\">Die Vermittlung beinhaltet die pers\u00f6nliche Beratung und Besichtigung des Objektes einschlie\u00dflich der Durchf\u00fchrung \/ Beantragung\u00a0 &amp; Hilfestellung bei der\u00a0 Finanzierung,\u00a0 Beh\u00f6rdeng\u00e4ngen, Betriebsentwicklungspl\u00e4nen, bis zur Anmeldung bei Schulen und Kitas.<\/p>\n<p style=\"text-align: center;\">Besonders Landwirte aus den Niederlanden wurden schon sehr oft bei Ihrer \u00dcbersiedlung von der ersten Besichtigung bis zur Hof\u00fcbernahme und dar\u00fcber hinaus begleitet.<\/p>\n<p style=\"text-align: center;\">Kontaktieren Sie mich bitte, \u00fcber Mail \/ Fax oder rufen Sie mich ganz einfach pers\u00f6nlich an &#8211; von Mensch zu Mensch &#8211; ich melde mich baldm\u00f6glichst bei Ihnen.<\/p>\n<p style=\"text-align: center;\">Ihr Ingo Kl\u00fcnder<\/p>\n[\/vc_column_text][\/vc_column][\/vc_row][vc_row][vc_column][vc_text_separator title=&#8220;Erfahrungsberichte&#8220;]<div class=\"vcex-module vcex-testimonials-fullslider dark-skin has-arrows has-controlnav\"><div class=\"wpex-slider slider-pro\" data-fade-arrows=\"false\" data-arrows=\"true\" data-buttons=\"true\" data-loop=\"true\" data-fade=\"true\" data-auto-play-delay=\"5000\" data-animation-speed=\"600\" data-height-animation-duration=\"500\" data-touch-swipe-desktop=\"false\"><div class=\"wpex-slider-slides sp-slides\"><div class=\"wpex-slider-slide sp-slide post-184 entry type-testimonials cat-8\"><div class=\"vcex-testimonials-fullslider-inner clr textcenter\"><div class=\"vcex-testimonials-fullslider-avatar\"><img loading=\"lazy\" class=\"vcex-custom-dims\" decoding=\"async\" src=\"https:\/\/agrarimmobilien-kluender.de\/wp-3e630-content\/uploads\/2018\/09\/spencer-pugh-192562-unsplash-e1536663959343-300x200.jpg\" alt=\"\" srcset=\"https:\/\/agrarimmobilien-kluender.de\/wp-3e630-content\/uploads\/2018\/09\/spencer-pugh-192562-unsplash-e1536663959343-300x200.jpg 300w, https:\/\/agrarimmobilien-kluender.de\/wp-3e630-content\/uploads\/2018\/09\/spencer-pugh-192562-unsplash-e1536663959343-300x200@2x.jpg 600w, https:\/\/agrarimmobilien-kluender.de\/wp-3e630-content\/uploads\/2018\/09\/spencer-pugh-192562-unsplash-e1536663959343.jpg 1200w, https:\/\/agrarimmobilien-kluender.de\/wp-3e630-content\/uploads\/2018\/09\/spencer-pugh-192562-unsplash-e1536663959343-300x200@2x.jpg 2x\" width=\"300\" height=\"200\"><\/div><div class=\"entry wpex-clr\"><blockquote><p>Meinen ausdr\u00fccklichen Dank f\u00fcr die tolle Unterst\u00fctzung und die reibungslose Abwicklung. Jederzeit haben Sie sich die Zeit genommen meine Fragen zu beantworten. Ich werde Sie gern weiterempfehlen!<\/p><\/blockquote>\n<\/div><div class=\"vcex-testimonials-fullslider-author clr\"><div class=\"vcex-testimonials-fullslider-author-name\">F. Schmidt<\/div><\/div><\/div><\/div><div class=\"wpex-slider-slide sp-slide post-182 entry type-testimonials cat-8\"><div class=\"vcex-testimonials-fullslider-inner clr textcenter\"><div class=\"vcex-testimonials-fullslider-avatar\"><img loading=\"lazy\" class=\"vcex-custom-dims\" decoding=\"async\" src=\"https:\/\/agrarimmobilien-kluender.de\/wp-3e630-content\/uploads\/2018\/09\/scott-webb-252718-unsplash-e1536663977589-300x199.jpg\" alt=\"\" srcset=\"https:\/\/agrarimmobilien-kluender.de\/wp-3e630-content\/uploads\/2018\/09\/scott-webb-252718-unsplash-e1536663977589-300x199.jpg 300w, https:\/\/agrarimmobilien-kluender.de\/wp-3e630-content\/uploads\/2018\/09\/scott-webb-252718-unsplash-e1536663977589-300x199@2x.jpg 600w, https:\/\/agrarimmobilien-kluender.de\/wp-3e630-content\/uploads\/2018\/09\/scott-webb-252718-unsplash-e1536663977589.jpg 1200w, https:\/\/agrarimmobilien-kluender.de\/wp-3e630-content\/uploads\/2018\/09\/scott-webb-252718-unsplash-e1536663977589-300x199@2x.jpg 2x\" width=\"300\" height=\"199\"><\/div><div class=\"entry wpex-clr\"><blockquote><p>Danke f\u00fcr Alles! Sie haben uns geholfen unser Paradies zu finden.<\/p><\/blockquote>\n<\/div><div class=\"vcex-testimonials-fullslider-author clr\"><div class=\"vcex-testimonials-fullslider-author-name\">Familie Maibach<\/div><\/div><\/div><\/div><\/div><\/div><\/div>[\/vc_column][\/vc_row]\n","protected":false},"excerpt":{"rendered":"<p>[vc_row][vc_column][vc_column_text] Hallo und herzlich Willkommen auf der Webseite Agarimmobilien-Kluender.de\u00a0 Vermittlung von Agrarvollexistenzen &amp; Bauernh\u00f6fen jeglicher Art und Gr\u00f6\u00dfe Sie suchen etwas Spezielles? Oder Sie ben\u00f6tigen Hilfe beim Verkauf Ihrer Immobilie? \u00a0[\/vc_column_text][vc_column_text] Vermittlungen rund um meinen Heimatstandort Rheinland \u2013 Pfalz &amp; Saarland, Nordrhein \u2013 Westfalen, \u00a0Hessen. Aber auch bundesweit, europaweit oder weltweit. Daf\u00fcr arbeite ich seit&hellip;<\/p>\n","protected":false},"author":1,"featured_media":0,"parent":0,"menu_order":0,"comment_status":"open","ping_status":"closed","template":"","meta":{"_mi_skip_tracking":false,"footnotes":""},"yoast_head":"<!-- This site is optimized with the Yoast SEO plugin v19.5.1 - https:\/\/yoast.com\/wordpress\/plugins\/seo\/ -->\n<title>Home | Agrarimmobilien-Kluender<\/title>\n<meta name=\"robots\" content=\"index, follow, max-snippet:-1, max-image-preview:large, max-video-preview:-1\" \/>\n<link rel=\"canonical\" href=\"http:\/\/agrarimmobilien-kluender.de\/\" \/>\n<meta property=\"og:locale\" content=\"de_DE\" \/>\n<meta property=\"og:type\" content=\"article\" \/>\n<meta property=\"og:title\" content=\"Home | Agrarimmobilien-Kluender\" \/>\n<meta property=\"og:description\" content=\"[vc_row][vc_column][vc_column_text] Hallo und herzlich Willkommen auf der Webseite Agarimmobilien-Kluender.de\u00a0 Vermittlung von Agrarvollexistenzen &amp; Bauernh\u00f6fen jeglicher Art und Gr\u00f6\u00dfe Sie suchen etwas Spezielles? Oder Sie ben\u00f6tigen Hilfe beim Verkauf Ihrer Immobilie? \u00a0[\/vc_column_text][vc_column_text] Vermittlungen rund um meinen Heimatstandort Rheinland \u2013 Pfalz &amp; Saarland, Nordrhein \u2013 Westfalen, \u00a0Hessen. Aber auch bundesweit, europaweit oder weltweit. Daf\u00fcr arbeite ich seit&hellip;\" \/>\n<meta property=\"og:url\" content=\"http:\/\/agrarimmobilien-kluender.de\/\" \/>\n<meta property=\"og:site_name\" content=\"Agrarimmobilien-Kluender\" \/>\n<meta property=\"article:modified_time\" content=\"2018-10-14T07:28:02+00:00\" \/>\n<meta name=\"twitter:card\" content=\"summary_large_image\" \/>\n<meta name=\"twitter:label1\" content=\"Gesch\u00e4tzte Lesezeit\" \/>\n\t<meta name=\"twitter:data1\" content=\"1 Minute\" \/>\n<script type=\"application\/ld+json\" class=\"yoast-schema-graph\">{\"@context\":\"https:\/\/schema.org\",\"@graph\":[{\"@type\":\"WebPage\",\"@id\":\"http:\/\/agrarimmobilien-kluender.de\/\",\"url\":\"http:\/\/agrarimmobilien-kluender.de\/\",\"name\":\"Home | Agrarimmobilien-Kluender\",\"isPartOf\":{\"@id\":\"http:\/\/agrarimmobilien-kluender.de\/#website\"},\"datePublished\":\"2015-01-31T19:55:21+00:00\",\"dateModified\":\"2018-10-14T07:28:02+00:00\",\"breadcrumb\":{\"@id\":\"http:\/\/agrarimmobilien-kluender.de\/#breadcrumb\"},\"inLanguage\":\"de-DE\",\"potentialAction\":[{\"@type\":\"ReadAction\",\"target\":[\"http:\/\/agrarimmobilien-kluender.de\/\"]}]},{\"@type\":\"BreadcrumbList\",\"@id\":\"http:\/\/agrarimmobilien-kluender.de\/#breadcrumb\",\"itemListElement\":[{\"@type\":\"ListItem\",\"position\":1,\"name\":\"Startseite\",\"item\":\"http:\/\/agrarimmobilien-kluender.de\/\"},{\"@type\":\"ListItem\",\"position\":2,\"name\":\"Home\"}]},{\"@type\":\"WebSite\",\"@id\":\"http:\/\/agrarimmobilien-kluender.de\/#website\",\"url\":\"http:\/\/agrarimmobilien-kluender.de\/\",\"name\":\"Agrarimmobilien-Kluender\",\"description\":\"Vermittlung von Agrarvollexistenzen &amp; Bauernh\u00f6fen jeglicher Art und Gr\u00f6\u00dfe\",\"potentialAction\":[{\"@type\":\"SearchAction\",\"target\":{\"@type\":\"EntryPoint\",\"urlTemplate\":\"http:\/\/agrarimmobilien-kluender.de\/?s={search_term_string}\"},\"query-input\":\"required name=search_term_string\"}],\"inLanguage\":\"de-DE\"}]}<\/script>\n<!-- \/ Yoast SEO plugin. -->","yoast_head_json":{"title":"Home | Agrarimmobilien-Kluender","robots":{"index":"index","follow":"follow","max-snippet":"max-snippet:-1","max-image-preview":"max-image-preview:large","max-video-preview":"max-video-preview:-1"},"canonical":"http:\/\/agrarimmobilien-kluender.de\/","og_locale":"de_DE","og_type":"article","og_title":"Home | Agrarimmobilien-Kluender","og_description":"[vc_row][vc_column][vc_column_text] Hallo und herzlich Willkommen auf der Webseite Agarimmobilien-Kluender.de\u00a0 Vermittlung von Agrarvollexistenzen &amp; Bauernh\u00f6fen jeglicher Art und Gr\u00f6\u00dfe Sie suchen etwas Spezielles? Oder Sie ben\u00f6tigen Hilfe beim Verkauf Ihrer Immobilie? \u00a0[\/vc_column_text][vc_column_text] Vermittlungen rund um meinen Heimatstandort Rheinland \u2013 Pfalz &amp; Saarland, Nordrhein \u2013 Westfalen, \u00a0Hessen. Aber auch bundesweit, europaweit oder weltweit. Daf\u00fcr arbeite ich seit&hellip;","og_url":"http:\/\/agrarimmobilien-kluender.de\/","og_site_name":"Agrarimmobilien-Kluender","article_modified_time":"2018-10-14T07:28:02+00:00","twitter_card":"summary_large_image","twitter_misc":{"Gesch\u00e4tzte Lesezeit":"1 Minute"},"schema":{"@context":"https:\/\/schema.org","@graph":[{"@type":"WebPage","@id":"http:\/\/agrarimmobilien-kluender.de\/","url":"http:\/\/agrarimmobilien-kluender.de\/","name":"Home | Agrarimmobilien-Kluender","isPartOf":{"@id":"http:\/\/agrarimmobilien-kluender.de\/#website"},"datePublished":"2015-01-31T19:55:21+00:00","dateModified":"2018-10-14T07:28:02+00:00","breadcrumb":{"@id":"http:\/\/agrarimmobilien-kluender.de\/#breadcrumb"},"inLanguage":"de-DE","potentialAction":[{"@type":"ReadAction","target":["http:\/\/agrarimmobilien-kluender.de\/"]}]},{"@type":"BreadcrumbList","@id":"http:\/\/agrarimmobilien-kluender.de\/#breadcrumb","itemListElement":[{"@type":"ListItem","position":1,"name":"Startseite","item":"http:\/\/agrarimmobilien-kluender.de\/"},{"@type":"ListItem","position":2,"name":"Home"}]},{"@type":"WebSite","@id":"http:\/\/agrarimmobilien-kluender.de\/#website","url":"http:\/\/agrarimmobilien-kluender.de\/","name":"Agrarimmobilien-Kluender","description":"Vermittlung von Agrarvollexistenzen &amp; Bauernh\u00f6fen jeglicher Art und Gr\u00f6\u00dfe","potentialAction":[{"@type":"SearchAction","target":{"@type":"EntryPoint","urlTemplate":"http:\/\/agrarimmobilien-kluender.de\/?s={search_term_string}"},"query-input":"required name=search_term_string"}],"inLanguage":"de-DE"}]}},"_links":{"self":[{"href":"https:\/\/agrarimmobilien-kluender.de\/index.php?rest_route=\/wp\/v2\/pages\/108"}],"collection":[{"href":"https:\/\/agrarimmobilien-kluender.de\/index.php?rest_route=\/wp\/v2\/pages"}],"about":[{"href":"https:\/\/agrarimmobilien-kluender.de\/index.php?rest_route=\/wp\/v2\/types\/page"}],"author":[{"embeddable":true,"href":"https:\/\/agrarimmobilien-kluender.de\/index.php?rest_route=\/wp\/v2\/users\/1"}],"replies":[{"embeddable":true,"href":"https:\/\/agrarimmobilien-kluender.de\/index.php?rest_route=%2Fwp%2Fv2%2Fcomments&post=108"}],"version-history":[{"count":10,"href":"https:\/\/agrarimmobilien-kluender.de\/index.php?rest_route=\/wp\/v2\/pages\/108\/revisions"}],"predecessor-version":[{"id":272,"href":"https:\/\/agrarimmobilien-kluender.de\/index.php?rest_route=\/wp\/v2\/pages\/108\/revisions\/272"}],"wp:attachment":[{"href":"https:\/\/agrarimmobilien-kluender.de\/index.php?rest_route=%2Fwp%2Fv2%2Fmedia&parent=108"}],"curies":[{"name":"wp","href":"https:\/\/api.w.org\/{rel}","templated":true}]}}